{"id":3970,"date":"2026-01-29T22:04:31","date_gmt":"2026-01-29T20:04:31","guid":{"rendered":"https:\/\/hpp-web.de\/?page_id=3970"},"modified":"2026-04-07T14:18:43","modified_gmt":"2026-04-07T12:18:43","slug":"egypt","status":"publish","type":"page","link":"https:\/\/hpp-web.de\/?page_id=3970","title":{"rendered":"Egypt"},"content":{"rendered":"\t\t<div data-elementor-type=\"wp-page\" data-elementor-id=\"3970\" class=\"elementor elementor-3970\" data-elementor-post-type=\"page\">\n\t\t\t\t<div class=\"elementor-element elementor-element-68beed7 e-flex e-con-boxed e-con e-parent\" data-id=\"68beed7\" data-element_type=\"container\" data-e-type=\"container\">\n\t\t\t\t\t<div class=\"e-con-inner\">\n\t\t\t\t<div class=\"elementor-element elementor-element-2cedb29 elementor-widget elementor-widget-heading\" data-id=\"2cedb29\" data-element_type=\"widget\" data-e-type=\"widget\" data-widget_type=\"heading.default\">\n\t\t\t\t\t<h2 class=\"elementor-heading-title elementor-size-default\">Fort Arabesque Ressort 6. bis 27. Januar 2026<\/h2>\t\t\t\t<\/div>\n\t\t\t\t\t<\/div>\n\t\t\t\t<\/div>\n\t\t<div class=\"elementor-element elementor-element-803829b e-flex e-con-boxed e-con e-parent\" data-id=\"803829b\" data-element_type=\"container\" data-e-type=\"container\">\n\t\t\t\t\t<div class=\"e-con-inner\">\n\t\t\t\t\t<\/div>\n\t\t\t\t<\/div>\n\t\t<div class=\"elementor-element elementor-element-4341abb e-flex e-con-boxed e-con e-parent\" data-id=\"4341abb\" data-element_type=\"container\" data-e-type=\"container\">\n\t\t\t\t\t<div class=\"e-con-inner\">\n\t\t\t\t<div class=\"elementor-element elementor-element-6ef153b elementor-widget elementor-widget-image\" data-id=\"6ef153b\" data-element_type=\"widget\" data-e-type=\"widget\" data-widget_type=\"image.default\">\n\t\t\t\t\t\t\t\t\t\t\t\t<figure class=\"wp-caption\">\n\t\t\t\t\t\t\t\t\t\t\t<a href=\"http:\/\/hpp-web.de\/wp-content\/uploads\/2026\/02\/PP_9726Co_kl.jpg\" data-elementor-open-lightbox=\"yes\" data-elementor-lightbox-title=\"Balkon 371\" data-e-action-hash=\"#elementor-action%3Aaction%3Dlightbox%26settings%3DeyJpZCI6NDAwNCwidXJsIjoiaHR0cHM6XC9cL2hwcC13ZWIuZGVcL3dwLWNvbnRlbnRcL3VwbG9hZHNcLzIwMjZcLzAyXC9QUF85NzI2Q29fa2wud2VicCJ9\">\n\t\t\t\t\t\t\t<img fetchpriority=\"high\" decoding=\"async\" width=\"1920\" height=\"1080\" src=\"https:\/\/hpp-web.de\/wp-content\/uploads\/2026\/02\/PP_9726Co_kl.webp\" class=\"attachment-full size-full wp-image-4004\" alt=\"\" srcset=\"https:\/\/hpp-web.de\/wp-content\/uploads\/2026\/02\/PP_9726Co_kl.webp 1920w, https:\/\/hpp-web.de\/wp-content\/uploads\/2026\/02\/PP_9726Co_kl-300x169.webp 300w, https:\/\/hpp-web.de\/wp-content\/uploads\/2026\/02\/PP_9726Co_kl-1024x576.webp 1024w, https:\/\/hpp-web.de\/wp-content\/uploads\/2026\/02\/PP_9726Co_kl-768x432.webp 768w, https:\/\/hpp-web.de\/wp-content\/uploads\/2026\/02\/PP_9726Co_kl-1536x864.webp 1536w\" sizes=\"(max-width: 1920px) 100vw, 1920px\" \/>\t\t\t\t\t\t\t\t<\/a>\n\t\t\t\t\t\t\t\t\t\t\t<figcaption class=\"widget-image-caption wp-caption-text\">Blick vom Balkon auf die Makadi Bay bei der Ankunft am 6. Januar<\/figcaption>\n\t\t\t\t\t\t\t\t\t\t<\/figure>\n\t\t\t\t\t\t\t\t\t<\/div>\n\t\t\t\t\t<\/div>\n\t\t\t\t<\/div>\n\t\t<div class=\"elementor-element elementor-element-cf2f8e5 e-flex e-con-boxed e-con e-parent\" data-id=\"cf2f8e5\" data-element_type=\"container\" data-e-type=\"container\">\n\t\t\t\t\t<div class=\"e-con-inner\">\n\t\t\t\t<div class=\"elementor-element elementor-element-c21dbce elementor-widget elementor-widget-image\" data-id=\"c21dbce\" data-element_type=\"widget\" data-e-type=\"widget\" data-widget_type=\"image.default\">\n\t\t\t\t\t\t\t\t\t\t\t\t<figure class=\"wp-caption\">\n\t\t\t\t\t\t\t\t\t\t\t<a href=\"http:\/\/hpp-web.de\/wp-content\/uploads\/2026\/02\/PP_9730a_Co_kl.jpg\" data-elementor-open-lightbox=\"yes\" data-elementor-lightbox-title=\"Hotelgarten\" data-e-action-hash=\"#elementor-action%3Aaction%3Dlightbox%26settings%3DeyJpZCI6NDAxMSwidXJsIjoiaHR0cHM6XC9cL2hwcC13ZWIuZGVcL3dwLWNvbnRlbnRcL3VwbG9hZHNcLzIwMjZcLzAyXC9QUF85NzMwYV9Db19rbC5qcGcifQ%3D%3D\">\n\t\t\t\t\t\t\t<img decoding=\"async\" width=\"756\" height=\"425\" src=\"https:\/\/hpp-web.de\/wp-content\/uploads\/2026\/02\/PP_9730a_Co_kl-1024x576.jpg\" class=\"attachment-large size-large wp-image-4011\" alt=\"\" srcset=\"https:\/\/hpp-web.de\/wp-content\/uploads\/2026\/02\/PP_9730a_Co_kl-1024x576.jpg 1024w, https:\/\/hpp-web.de\/wp-content\/uploads\/2026\/02\/PP_9730a_Co_kl-300x169.jpg 300w, https:\/\/hpp-web.de\/wp-content\/uploads\/2026\/02\/PP_9730a_Co_kl-768x432.jpg 768w, https:\/\/hpp-web.de\/wp-content\/uploads\/2026\/02\/PP_9730a_Co_kl-1536x864.jpg 1536w, https:\/\/hpp-web.de\/wp-content\/uploads\/2026\/02\/PP_9730a_Co_kl.jpg 1920w\" sizes=\"(max-width: 756px) 100vw, 756px\" \/>\t\t\t\t\t\t\t\t<\/a>\n\t\t\t\t\t\t\t\t\t\t\t<figcaption class=\"widget-image-caption wp-caption-text\">Der Garten des Hotels war noch weihnachtlich geschm\u00fcckt<\/figcaption>\n\t\t\t\t\t\t\t\t\t\t<\/figure>\n\t\t\t\t\t\t\t\t\t<\/div>\n\t\t\t\t\t<\/div>\n\t\t\t\t<\/div>\n\t\t<div class=\"elementor-element elementor-element-25e0744 e-flex e-con-boxed e-con e-parent\" data-id=\"25e0744\" data-element_type=\"container\" data-e-type=\"container\">\n\t\t\t\t\t<div class=\"e-con-inner\">\n\t\t\t\t<div class=\"elementor-element elementor-element-3f3216e elementor-widget elementor-widget-image\" data-id=\"3f3216e\" data-element_type=\"widget\" data-e-type=\"widget\" data-widget_type=\"image.default\">\n\t\t\t\t\t\t\t\t\t\t\t\t<figure class=\"wp-caption\">\n\t\t\t\t\t\t\t\t\t\t\t<a href=\"http:\/\/hpp-web.de\/wp-content\/uploads\/2026\/02\/PP_9715a_cokl.jpg\" data-elementor-open-lightbox=\"yes\" data-elementor-lightbox-title=\"H\u00e4ngematte\" data-e-action-hash=\"#elementor-action%3Aaction%3Dlightbox%26settings%3DeyJpZCI6NDAyNSwidXJsIjoiaHR0cHM6XC9cL2hwcC13ZWIuZGVcL3dwLWNvbnRlbnRcL3VwbG9hZHNcLzIwMjZcLzAyXC9QUF85NzE1YV9jb2tsLndlYnAifQ%3D%3D\">\n\t\t\t\t\t\t\t<img decoding=\"async\" width=\"756\" height=\"504\" src=\"https:\/\/hpp-web.de\/wp-content\/uploads\/2026\/02\/PP_9715a_cokl-1024x683.webp\" class=\"attachment-large size-large wp-image-4025\" alt=\"\" srcset=\"https:\/\/hpp-web.de\/wp-content\/uploads\/2026\/02\/PP_9715a_cokl-1024x683.webp 1024w, https:\/\/hpp-web.de\/wp-content\/uploads\/2026\/02\/PP_9715a_cokl-300x200.webp 300w, https:\/\/hpp-web.de\/wp-content\/uploads\/2026\/02\/PP_9715a_cokl-768x512.webp 768w, https:\/\/hpp-web.de\/wp-content\/uploads\/2026\/02\/PP_9715a_cokl-1536x1024.webp 1536w, https:\/\/hpp-web.de\/wp-content\/uploads\/2026\/02\/PP_9715a_cokl.webp 1920w\" sizes=\"(max-width: 756px) 100vw, 756px\" \/>\t\t\t\t\t\t\t\t<\/a>\n\t\t\t\t\t\t\t\t\t\t\t<figcaption class=\"widget-image-caption wp-caption-text\">Ausruhen in der H\u00e4ngematte<\/figcaption>\n\t\t\t\t\t\t\t\t\t\t<\/figure>\n\t\t\t\t\t\t\t\t\t<\/div>\n\t\t\t\t\t<\/div>\n\t\t\t\t<\/div>\n\t\t<div class=\"elementor-element elementor-element-2509b49 e-flex e-con-boxed e-con e-parent\" data-id=\"2509b49\" data-element_type=\"container\" data-e-type=\"container\">\n\t\t\t\t\t<div class=\"e-con-inner\">\n\t\t\t\t<div class=\"elementor-element elementor-element-2070343 elementor-widget elementor-widget-image\" data-id=\"2070343\" data-element_type=\"widget\" data-e-type=\"widget\" data-widget_type=\"image.default\">\n\t\t\t\t\t\t\t\t\t\t\t\t<figure class=\"wp-caption\">\n\t\t\t\t\t\t\t\t\t\t\t<a href=\"http:\/\/hpp-web.de\/wp-content\/uploads\/2026\/02\/PP_9751b_cokl.jpg\" data-elementor-open-lightbox=\"yes\" data-elementor-lightbox-title=\"Sonnenuntergang\" data-e-action-hash=\"#elementor-action%3Aaction%3Dlightbox%26settings%3DeyJpZCI6NDAzNCwidXJsIjoiaHR0cHM6XC9cL2hwcC13ZWIuZGVcL3dwLWNvbnRlbnRcL3VwbG9hZHNcLzIwMjZcLzAyXC9QUF85NzUxYl9jb2tsLndlYnAifQ%3D%3D\">\n\t\t\t\t\t\t\t<img loading=\"lazy\" decoding=\"async\" width=\"756\" height=\"504\" src=\"https:\/\/hpp-web.de\/wp-content\/uploads\/2026\/02\/PP_9751b_cokl-1024x683.webp\" class=\"attachment-large size-large wp-image-4034\" alt=\"\" srcset=\"https:\/\/hpp-web.de\/wp-content\/uploads\/2026\/02\/PP_9751b_cokl-1024x683.webp 1024w, https:\/\/hpp-web.de\/wp-content\/uploads\/2026\/02\/PP_9751b_cokl-300x200.webp 300w, https:\/\/hpp-web.de\/wp-content\/uploads\/2026\/02\/PP_9751b_cokl-768x512.webp 768w, https:\/\/hpp-web.de\/wp-content\/uploads\/2026\/02\/PP_9751b_cokl-1536x1024.webp 1536w, https:\/\/hpp-web.de\/wp-content\/uploads\/2026\/02\/PP_9751b_cokl.webp 1920w\" sizes=\"(max-width: 756px) 100vw, 756px\" \/>\t\t\t\t\t\t\t\t<\/a>\n\t\t\t\t\t\t\t\t\t\t\t<figcaption class=\"widget-image-caption wp-caption-text\">Blick auf die gegen\u00fcberliegende Bucht<\/figcaption>\n\t\t\t\t\t\t\t\t\t\t<\/figure>\n\t\t\t\t\t\t\t\t\t<\/div>\n\t\t\t\t\t<\/div>\n\t\t\t\t<\/div>\n\t\t<div class=\"elementor-element elementor-element-fdd6394 e-flex e-con-boxed e-con e-parent\" data-id=\"fdd6394\" data-element_type=\"container\" data-e-type=\"container\">\n\t\t\t\t\t<div class=\"e-con-inner\">\n\t\t\t\t<div class=\"elementor-element elementor-element-a1230b6 elementor-widget elementor-widget-image\" data-id=\"a1230b6\" data-element_type=\"widget\" data-e-type=\"widget\" data-widget_type=\"image.default\">\n\t\t\t\t\t\t\t\t\t\t\t\t<figure class=\"wp-caption\">\n\t\t\t\t\t\t\t\t\t\t\t<a href=\"http:\/\/hpp-web.de\/?page_id=4045\">\n\t\t\t\t\t\t\t<img loading=\"lazy\" decoding=\"async\" width=\"756\" height=\"495\" src=\"https:\/\/hpp-web.de\/wp-content\/uploads\/2026\/02\/Luxor_Karte.webp\" class=\"attachment-large size-large wp-image-4041\" alt=\"\" srcset=\"https:\/\/hpp-web.de\/wp-content\/uploads\/2026\/02\/Luxor_Karte.webp 788w, https:\/\/hpp-web.de\/wp-content\/uploads\/2026\/02\/Luxor_Karte-300x196.webp 300w, https:\/\/hpp-web.de\/wp-content\/uploads\/2026\/02\/Luxor_Karte-768x503.webp 768w\" sizes=\"(max-width: 756px) 100vw, 756px\" \/>\t\t\t\t\t\t\t\t<\/a>\n\t\t\t\t\t\t\t\t\t\t\t<figcaption class=\"widget-image-caption wp-caption-text\">Ausflug nach Luxor (durch klicken auf die Karte geht es weiter)<\/figcaption>\n\t\t\t\t\t\t\t\t\t\t<\/figure>\n\t\t\t\t\t\t\t\t\t<\/div>\n\t\t\t\t\t<\/div>\n\t\t\t\t<\/div>\n\t\t<div class=\"elementor-element elementor-element-4c813d4 e-flex e-con-boxed e-con e-parent\" data-id=\"4c813d4\" data-element_type=\"container\" data-e-type=\"container\">\n\t\t\t\t\t<div class=\"e-con-inner\">\n\t\t\t\t<div class=\"elementor-element elementor-element-273bca8 elementor-widget elementor-widget-image\" data-id=\"273bca8\" data-element_type=\"widget\" data-e-type=\"widget\" data-widget_type=\"image.default\">\n\t\t\t\t\t\t\t\t\t\t\t\t<figure class=\"wp-caption\">\n\t\t\t\t\t\t\t\t\t\t\t<a href=\"http:\/\/hpp-web.de\/?page_id=4116\">\n\t\t\t\t\t\t\t<img loading=\"lazy\" decoding=\"async\" width=\"756\" height=\"504\" src=\"https:\/\/hpp-web.de\/wp-content\/uploads\/2026\/04\/Safari_titel_co-768x512.jpg\" class=\"attachment-medium_large size-medium_large wp-image-4237\" alt=\"\" srcset=\"https:\/\/hpp-web.de\/wp-content\/uploads\/2026\/04\/Safari_titel_co-768x512.jpg 768w, https:\/\/hpp-web.de\/wp-content\/uploads\/2026\/04\/Safari_titel_co-300x200.jpg 300w, https:\/\/hpp-web.de\/wp-content\/uploads\/2026\/04\/Safari_titel_co-1024x683.jpg 1024w, https:\/\/hpp-web.de\/wp-content\/uploads\/2026\/04\/Safari_titel_co-1536x1024.jpg 1536w, https:\/\/hpp-web.de\/wp-content\/uploads\/2026\/04\/Safari_titel_co-2048x1365.jpg 2048w\" sizes=\"(max-width: 756px) 100vw, 756px\" \/>\t\t\t\t\t\t\t\t<\/a>\n\t\t\t\t\t\t\t\t\t\t\t<figcaption class=\"widget-image-caption wp-caption-text\">Safari, Safari...ein Ausflug mit Folgen..(Bild anklicken)<\/figcaption>\n\t\t\t\t\t\t\t\t\t\t<\/figure>\n\t\t\t\t\t\t\t\t\t<\/div>\n\t\t\t\t\t<\/div>\n\t\t\t\t<\/div>\n\t\t<div class=\"elementor-element elementor-element-7513b3a e-flex e-con-boxed e-con e-parent\" data-id=\"7513b3a\" data-element_type=\"container\" data-e-type=\"container\">\n\t\t\t\t\t<div class=\"e-con-inner\">\n\t\t\t\t<div class=\"elementor-element elementor-element-8fa5578 elementor-widget elementor-widget-image\" data-id=\"8fa5578\" data-element_type=\"widget\" data-e-type=\"widget\" data-widget_type=\"image.default\">\n\t\t\t\t\t\t\t\t\t\t\t\t<figure class=\"wp-caption\">\n\t\t\t\t\t\t\t\t\t\t\t<a href=\"http:\/\/hpp-web.de\/?page_id=4260\">\n\t\t\t\t\t\t\t<img loading=\"lazy\" decoding=\"async\" width=\"756\" height=\"504\" src=\"https:\/\/hpp-web.de\/wp-content\/uploads\/2026\/04\/PP_0113-Titel-1024x683.jpg\" class=\"attachment-large size-large wp-image-4252\" alt=\"\" srcset=\"https:\/\/hpp-web.de\/wp-content\/uploads\/2026\/04\/PP_0113-Titel-1024x683.jpg 1024w, https:\/\/hpp-web.de\/wp-content\/uploads\/2026\/04\/PP_0113-Titel-300x200.jpg 300w, https:\/\/hpp-web.de\/wp-content\/uploads\/2026\/04\/PP_0113-Titel-768x512.jpg 768w, https:\/\/hpp-web.de\/wp-content\/uploads\/2026\/04\/PP_0113-Titel-1536x1024.jpg 1536w, https:\/\/hpp-web.de\/wp-content\/uploads\/2026\/04\/PP_0113-Titel-2048x1365.jpg 2048w\" sizes=\"(max-width: 756px) 100vw, 756px\" \/>\t\t\t\t\t\t\t\t<\/a>\n\t\t\t\t\t\t\t\t\t\t\t<figcaption class=\"widget-image-caption wp-caption-text\">durch Klick auf's Foto geht es weiter<\/figcaption>\n\t\t\t\t\t\t\t\t\t\t<\/figure>\n\t\t\t\t\t\t\t\t\t<\/div>\n\t\t\t\t\t<\/div>\n\t\t\t\t<\/div>\n\t\t\t\t<\/div>\n\t\t","protected":false},"excerpt":{"rendered":"<p>Fort Arabesque Ressort 6. bis 27. Januar 2026 Blick vom Balkon auf die Makadi Bay bei der Ankunft am 6. Januar Der Garten des Hotels war noch weihnachtlich geschm\u00fcckt Ausruhen in der H\u00e4ngematte Blick auf die gegen\u00fcberliegende Bucht Ausflug nach Luxor (durch klicken auf die &hellip; <a href=\"https:\/\/hpp-web.de\/?page_id=3970\" class=\"more-link\"><span>Continue reading<span class=\"screen-reader-text\">Egypt<\/span><\/span><\/a><\/p>\n","protected":false},"author":1,"featured_media":0,"parent":0,"menu_order":0,"comment_status":"closed","ping_status":"closed","template":"","meta":{"advanced_seo_description":"","jetpack_seo_html_title":"","jetpack_seo_noindex":false,"footnotes":""},"class_list":["post-3970","page","type-page","status-publish","hentry"],"jetpack_sharing_enabled":true,"_links":{"self":[{"href":"https:\/\/hpp-web.de\/index.php?rest_route=\/wp\/v2\/pages\/3970","targetHints":{"allow":["GET"]}}],"collection":[{"href":"https:\/\/hpp-web.de\/index.php?rest_route=\/wp\/v2\/pages"}],"about":[{"href":"https:\/\/hpp-web.de\/index.php?rest_route=\/wp\/v2\/types\/page"}],"author":[{"embeddable":true,"href":"https:\/\/hpp-web.de\/index.php?rest_route=\/wp\/v2\/users\/1"}],"replies":[{"embeddable":true,"href":"https:\/\/hpp-web.de\/index.php?rest_route=%2Fwp%2Fv2%2Fcomments&post=3970"}],"version-history":[{"count":72,"href":"https:\/\/hpp-web.de\/index.php?rest_route=\/wp\/v2\/pages\/3970\/revisions"}],"predecessor-version":[{"id":4269,"href":"https:\/\/hpp-web.de\/index.php?rest_route=\/wp\/v2\/pages\/3970\/revisions\/4269"}],"wp:attachment":[{"href":"https:\/\/hpp-web.de\/index.php?rest_route=%2Fwp%2Fv2%2Fmedia&parent=3970"}],"curies":[{"name":"wp","href":"https:\/\/api.w.org\/{rel}","templated":true}]}}