{"id":3649,"date":"2022-05-17T13:23:52","date_gmt":"2022-05-17T11:23:52","guid":{"rendered":"https:\/\/hpp-web.de\/?page_id=3649"},"modified":"2022-05-17T13:23:54","modified_gmt":"2022-05-17T11:23:54","slug":"gaestebuch","status":"publish","type":"page","link":"https:\/\/hpp-web.de\/?page_id=3649","title":{"rendered":"G\u00e4stebuch"},"content":{"rendered":"<div class=\"gwolle-gb\"><div class=\"gwolle-gb-messages-top-container\"><\/div>\n\t\t\t<div class=\"gwolle-gb-write-button\">\n\t\t\t\t<input type=\"button\" name=\"gwolle-gb-write-button\" class=\"button btn btn-default \" value=\"Neuen Eintrag schreiben\" aria-expanded=\"false\" \/>\n\t\t\t<\/div>\n\t\t\t<form action=\"#\" method=\"POST\" class=\"gwolle-gb-write gwolle-gb-hide gwolle-gb-float gwolle-gb-form-ajax gwolle-gb-ajax gwolle-gb-not-logged-in\">\n\t\t\t\t<h3>Einen neuen Eintrag f\u00fcr das G\u00e4stebuch schreiben<\/h3>\n\t\t\t\t<button type=\"button\" class=\"gb-notice-dismiss\">x<span class=\"screen-reader-text\">Dieses Formular ausblenden<\/span><\/button>\n\t\t\t\n\t\t\t\t<input type=\"hidden\" name=\"gwolle_gb_function\" class=\"gwolle_gb_function\" value=\"add_entry\" \/><input type=\"hidden\" name=\"gwolle_gb_book_id\" class=\"gwolle_gb_book_id\" value=\"1\" \/><div class=\"gwolle_gb_835f3800289b0ff44f0c4d4bab08b9ed\">\n\t\t\t\t<div class=\"label\"><label for=\"gwolle_gb_835f3800289b0ff44f0c4d4bab08b9ed-1\" class=\"text-info\">Name <span class=\"required\">*<\/span><\/label><\/div>\n\t\t\t\t<div class=\"input\"><input class=\"wp-exclude-emoji gwolle_gb_835f3800289b0ff44f0c4d4bab08b9ed\" value=\"\" type=\"text\" id=\"gwolle_gb_835f3800289b0ff44f0c4d4bab08b9ed-1\" name=\"gwolle_gb_835f3800289b0ff44f0c4d4bab08b9ed\" required \/><\/div>\n\t\t\t\t<div class=\"clearBoth\">&nbsp;<\/div>\n\t\t\t<\/div><div class=\"gwolle_gb_d8628ad295425d60c1b93ff8e002bfbe\">\n\t\t\t\t\t<div class=\"label\"><label for=\"gwolle_gb_d8628ad295425d60c1b93ff8e002bfbe-1\" class=\"text-info\">Stadt<\/label><\/div>\n\t\t\t\t\t<div class=\"input\"><input class=\"wp-exclude-emoji gwolle_gb_d8628ad295425d60c1b93ff8e002bfbe\" value=\"\" type=\"text\" id=\"gwolle_gb_d8628ad295425d60c1b93ff8e002bfbe-1\" name=\"gwolle_gb_d8628ad295425d60c1b93ff8e002bfbe\" \/><\/div>\n\t\t\t\t\t<div class=\"clearBoth\">&nbsp;<\/div>\n\t\t\t\t<\/div><div class=\"gwolle_gb_6389e4a5233fa0aab912a0cf82fad2a5\">\n\t\t\t\t<div class=\"label\"><label for=\"gwolle_gb_6389e4a5233fa0aab912a0cf82fad2a5-1\" class=\"text-info\">E-Mail <span class=\"required\">*<\/span><\/label><\/div>\n\t\t\t\t<div class=\"input\"><input class=\"gwolle_gb_6389e4a5233fa0aab912a0cf82fad2a5\" value=\"\" type=\"email\" id=\"gwolle_gb_6389e4a5233fa0aab912a0cf82fad2a5-1\" name=\"gwolle_gb_6389e4a5233fa0aab912a0cf82fad2a5\" required \/><\/div>\n\t\t\t\t<div class=\"clearBoth\">&nbsp;<\/div>\n\t\t\t<\/div><div class=\"gwolle_gb_2fb56a33348ef4c368fcffa5a73cfb83\">\n\t\t\t\t<div class=\"label\"><label for=\"gwolle_gb_2fb56a33348ef4c368fcffa5a73cfb83-1\" class=\"text-info\">Website<\/label><\/div>\n\t\t\t\t<div class=\"input\"><input class=\"gwolle_gb_2fb56a33348ef4c368fcffa5a73cfb83\" value=\"\" type=\"url\" id=\"gwolle_gb_2fb56a33348ef4c368fcffa5a73cfb83-1\" name=\"gwolle_gb_2fb56a33348ef4c368fcffa5a73cfb83\" \/><\/div>\n\t\t\t\t<div class=\"clearBoth\">&nbsp;<\/div>\n\t\t\t<\/div>\n\t\t\t<div class=\"gwolle_gb_7f59c737231b64705b4ee2b8c3b03a0c\" style=\"display:none;overflow:hidden;\" hidden=\"true\" aria-hidden=\"true\">\n\t\t\t\t<div class=\"label\">\n\t\t\t\t\t<label for=\"gwolle_gb_7f59c737231b64705b4ee2b8c3b03a0c-1\" class=\"text-primary\">Hier nichts eingeben<\/label>\n\t\t\t\t\t<label for=\"gwolle_gb_61f0193dcd912cca18127dd27f059105-1\" class=\"text-primary\">Hier nichts eingeben<\/label>\n\t\t\t\t<\/div>\n\t\t\t\t<div class=\"input\">\n\t\t\t\t\t<input value=\"68\" type=\"text\" id=\"gwolle_gb_7f59c737231b64705b4ee2b8c3b03a0c-1\" name=\"gwolle_gb_7f59c737231b64705b4ee2b8c3b03a0c\" class=\"gwolle_gb_7f59c737231b64705b4ee2b8c3b03a0c\" style=\"transform: translateY(10000px);\" \/>\n\t\t\t\t\t<input value=\"\" type=\"text\" name=\"gwolle_gb_61f0193dcd912cca18127dd27f059105\" id=\"gwolle_gb_61f0193dcd912cca18127dd27f059105-1\" class=\"gwolle_gb_61f0193dcd912cca18127dd27f059105\" style=\"transform: translateY(10000px);\" \/>\n\t\t\t\t<\/div>\n\t\t\t\t<div class=\"clearBoth\"><\/div>\n\t\t\t<\/div>\n\t\t\t<div class=\"gwolle_gb_2125e7e9511113ab0711cdf8a067b547\" style=\"display:none;overflow:hidden;\" hidden=\"true\" aria-hidden=\"true\">\n\t\t\t\t<div class=\"label\">\n\t\t\t\t\t<label for=\"gwolle_gb_2125e7e9511113ab0711cdf8a067b547-1\" class=\"text-primary\">Hier nichts eingeben<\/label>\n\t\t\t\t\t<label for=\"gwolle_gb_b321046a495187d27446258479edc610-1\" class=\"text-primary\">Hier nichts eingeben<\/label>\n\t\t\t\t<\/div>\n\t\t\t\t<div class=\"input\">\n\t\t\t\t\t<input value=\"16596\" type=\"text\" id=\"gwolle_gb_2125e7e9511113ab0711cdf8a067b547-1\" name=\"gwolle_gb_2125e7e9511113ab0711cdf8a067b547\" class=\"gwolle_gb_2125e7e9511113ab0711cdf8a067b547\" style=\"transform: translateY(10000px);\" \/>\n\t\t\t\t\t<input value=\"16596\" type=\"text\"id=\"gwolle_gb_b321046a495187d27446258479edc610-1\" name=\"gwolle_gb_b321046a495187d27446258479edc610\" class=\"gwolle_gb_b321046a495187d27446258479edc610\" style=\"transform: translateY(10000px);\" \/>\n\t\t\t\t<\/div>\n\t\t\t\t<div class=\"clearBoth\"><\/div>\n\t\t\t<\/div><div class=\"gwolle_gb_content\">\n\t\t\t\t<div class=\"label\"><label for=\"gwolle_gb_content-1\" class=\"text-info\">G\u00e4stebucheintrag <span class=\"required\">*<\/span><\/label><\/div>\n\t\t\t\t<div class=\"input\"><textarea id=\"gwolle_gb_content-1\" name=\"gwolle_gb_content\" class=\"gwolle_gb_content wp-exclude-emoji\" required ><\/textarea><\/div>\n\t\t\t\t\t<div class=\"clearBoth\">&nbsp;<\/div>\n\t\t\t\t<\/div><input type=\"hidden\" class=\"gwolle_gb_bec5e360b7f716e809cd4da43c64234a\" id=\"gwolle_gb_bec5e360b7f716e809cd4da43c64234a-1\" name=\"gwolle_gb_bec5e360b7f716e809cd4da43c64234a\" value=\"217efe1b62\" \/>\n\t\t\t<div class=\"gwolle-gb-messages-bottom-container\"><\/div>\n\n\t\t\t<noscript><div class=\"no-js\">Warnung: Dieses Formular kann nur verwendet werden, wenn in deinem Browser JavaScript aktiviert ist.<\/div><\/noscript>\n\n\t\t\t<div class=\"gwolle_gb_submit gwolle-gb-submit\">\n\t\t\t\t<div class=\"label gwolle-gb-invisible text-muted\">&nbsp;<\/div>\n\t\t\t\t<div class=\"input\">\n\t\t\t\t\t<input type=\"submit\" name=\"gwolle_gb_submit\" class=\"gwolle_gb_submit button btn btn-primary \" value=\"Absenden\" \/>\n\t\t\t\t\t<span class=\"gwolle_gb_submit_ajax_icon gwolle-gb-submit-ajax-icon\"><\/span>\n\t\t\t\n\t\t\t\t<\/div>\n\t\t\t\t<div class=\"clearBoth\">&nbsp;<\/div>\n\t\t\t<\/div>\n\n\t\t\t<div class=\"gwolle_gb_notice gwolle-gb-notice\">\n\t\t\t\t<br \/>\nMit * gekennzeichnete Felder sind erforderlich.<br \/>\nDeine E-Mail-Adresse wird nicht ver\u00f6ffentlicht.<br \/>\nEs ist m\u00f6glich, dass dein Eintrag im G\u00e4stebuch erst sichtbar ist, nachdem wir ihn \u00fcberpr\u00fcft haben.<br \/>\nWir behalten uns vor, Eintr\u00e4ge zu bearbeiten, zu l\u00f6schen oder nicht zu ver\u00f6ffentlichen.<br \/>\n\n\t\t\t<\/div><\/form><div class=\"gwolle-gb-read gwolle-gb-ajax gwolle-gb-entries-list\" data-book_id=\"1\" data-page_id=\"1\">\n\t\t<div id=\"gwolle-gb-total\" class=\"gwolle-gb-total\">1 Eintrag<\/div><!-- Gwolle-GB Entry: Default Template Loaded -->\n\t\t\t\t<div class=\"gb-entry gb-entry_3 gb-entry-count_1 gwolle-gb-uneven gwolle-gb-first admin-entry\" id=\"gb-entry_3\" data-entry_id=\"3\">\n\t\t\t\t<article>\n\t\t\t\t\t<div class=\"gb-author-info\">\n\t\t\t\t\t\t<span class=\"gb-author-avatar\"><img referrerpolicy=\"no-referrer\" alt='Hans-Peter Peltzer' src='https:\/\/secure.gravatar.com\/avatar\/e3aa24537038574f22e6718cd91dd2c2f45d8b1bf4213e5ddf36cd8ee9ad0dd3?s=32&#038;d=mm&#038;r=g' srcset='https:\/\/secure.gravatar.com\/avatar\/e3aa24537038574f22e6718cd91dd2c2f45d8b1bf4213e5ddf36cd8ee9ad0dd3?s=64&#038;d=mm&#038;r=g 2x' class='avatar avatar-32 photo' height='32' width='32' \/><\/span>\n\t\t\t\t\t\t<span class=\"gb-author-name\"><a href=\"http:\/\/hpp-web.de\" target=\"_blank\" rel=\"nofollow noopener noreferrer\"\n\t\t\t\t\t\t\ttitle=\"Besuche die Website von Hans-Peter Peltzer: http:\/\/hpp-web.de\"><i class=\"gb-moderator\">Hans-Peter Peltzer<\/i><\/a>\n\t\t\t\t\t\t<\/span>\n\t\t\t\t\t\t<span class=\"gb-datetime\">\n\t\t\t\t\t\t\t<span class=\"gb-date\"><span class=\"gb-date-wrote-text\"> schrieb am<\/span><span class=\"gb-date-text\"> 9. August 2019<\/span>\n\t\t\t\t\t\t\t<\/span><span class=\"gb-time\">\n\t\t\t\t\t\t\t\t\t<span class=\"gb-time-at-text\"> um<\/span>\n\t\t\t\t\t\t\t\t\t<span class=\"gb-time-text\"> 17:05<\/span>\n\t\t\t\t\t\t\t\t<\/span>\n\t\t\t\t\t\t<\/span> \n\t\t\t\t\t<\/div>\n\t\t\t\t\t<div class=\"gb-entry-content\">Hallo,<br \/>\r\nhier hast du die M\u00f6glichkeit Kommentare abzugeben. Bitte bleibe h\u00f6flich und sei respektvoll.<br \/>\r\nWerbung ist nicht erw\u00fcnscht.<br \/>\r\nJeder Eintrag wird vor Ver\u00f6ffentlichung manuell \u00fcberpr\u00fcft. Dazu geh\u00f6rt auch die \u00dcberpr\u00fcfung der eMail-Adresse und deiner Identit\u00e4t.<br \/>\r\nVielen Dank f\u00fcr dein Verst\u00e4ndniss\n\t\t\t\t\t<\/div>\n\t\t\t\t<\/article>\n\t\t\t<\/div>\n\t\t\t<\/div><\/div>\n\n\n\n<p><\/p>\n","protected":false},"excerpt":{"rendered":"","protected":false},"author":1,"featured_media":0,"parent":0,"menu_order":0,"comment_status":"closed","ping_status":"closed","template":"","meta":{"advanced_seo_description":"","jetpack_seo_html_title":"","jetpack_seo_noindex":false,"footnotes":""},"class_list":["post-3649","page","type-page","status-publish","hentry"],"jetpack_sharing_enabled":true,"_links":{"self":[{"href":"https:\/\/hpp-web.de\/index.php?rest_route=\/wp\/v2\/pages\/3649","targetHints":{"allow":["GET"]}}],"collection":[{"href":"https:\/\/hpp-web.de\/index.php?rest_route=\/wp\/v2\/pages"}],"about":[{"href":"https:\/\/hpp-web.de\/index.php?rest_route=\/wp\/v2\/types\/page"}],"author":[{"embeddable":true,"href":"https:\/\/hpp-web.de\/index.php?rest_route=\/wp\/v2\/users\/1"}],"replies":[{"embeddable":true,"href":"https:\/\/hpp-web.de\/index.php?rest_route=%2Fwp%2Fv2%2Fcomments&post=3649"}],"version-history":[{"count":1,"href":"https:\/\/hpp-web.de\/index.php?rest_route=\/wp\/v2\/pages\/3649\/revisions"}],"predecessor-version":[{"id":3651,"href":"https:\/\/hpp-web.de\/index.php?rest_route=\/wp\/v2\/pages\/3649\/revisions\/3651"}],"wp:attachment":[{"href":"https:\/\/hpp-web.de\/index.php?rest_route=%2Fwp%2Fv2%2Fmedia&parent=3649"}],"curies":[{"name":"wp","href":"https:\/\/api.w.org\/{rel}","templated":true}]}}