{"id":3326,"date":"2020-09-28T15:37:38","date_gmt":"2020-09-28T13:37:38","guid":{"rendered":"http:\/\/hpp-web.de\/?page_id=3326"},"modified":"2026-04-07T14:08:34","modified_gmt":"2026-04-07T12:08:34","slug":"reisen","status":"publish","type":"page","link":"https:\/\/hpp-web.de\/?page_id=3326","title":{"rendered":"Reisen"},"content":{"rendered":"\t\t<div data-elementor-type=\"wp-page\" data-elementor-id=\"3326\" class=\"elementor elementor-3326\" data-elementor-post-type=\"page\">\n\t\t\t\t\t\t<section class=\"elementor-section elementor-top-section elementor-element elementor-element-bc8020e elementor-section-boxed elementor-section-height-default elementor-section-height-default\" data-id=\"bc8020e\" data-element_type=\"section\" data-e-type=\"section\">\n\t\t\t\t\t\t<div class=\"elementor-container elementor-column-gap-default\">\n\t\t\t\t\t<div class=\"elementor-column elementor-col-100 elementor-top-column elementor-element elementor-element-3fa3997\" data-id=\"3fa3997\" data-element_type=\"column\" data-e-type=\"column\">\n\t\t\t<div class=\"elementor-widget-wrap\">\n\t\t\t\t\t\t\t<\/div>\n\t\t<\/div>\n\t\t\t\t\t<\/div>\n\t\t<\/section>\n\t\t\t\t<section class=\"elementor-section elementor-top-section elementor-element elementor-element-9310b22 elementor-section-boxed elementor-section-height-default elementor-section-height-default\" data-id=\"9310b22\" data-element_type=\"section\" data-e-type=\"section\">\n\t\t\t\t\t\t<div class=\"elementor-container elementor-column-gap-default\">\n\t\t\t\t\t<div class=\"elementor-column elementor-col-100 elementor-top-column elementor-element elementor-element-dc163ee\" data-id=\"dc163ee\" data-element_type=\"column\" data-e-type=\"column\">\n\t\t\t<div class=\"elementor-widget-wrap elementor-element-populated\">\n\t\t\t\t\t\t<div class=\"elementor-element elementor-element-46f9381 elementor-widget elementor-widget-text-editor\" data-id=\"46f9381\" data-element_type=\"widget\" data-e-type=\"widget\" data-widget_type=\"text-editor.default\">\n\t\t\t\t\t\t\t\t\t<p style=\"text-align: center;\">Fotos und Berichte von meinen Reisen und Ausfl\u00fcgen<\/p><p style=\"text-align: left;\">Alle hier ver\u00f6ffentlichten Fotos unterliegen dem dt. Urheberrechtsgesetz und d\u00fcrfen ohne Einwilligung von keiner Person oder Organisation anderweitig verwendet werden. Zuwiderhandlungen f\u00fchren zur Anzeige und einer Schadensersatzforderung Dies gilt auch f\u00fcr Fotos, die von mir seit 2000 aufgenommen wurden, egal welche Objekte darauf abgebildet sind. Alle Bilder sind auf dreifache Weise signiert, sichtbar und unsichtbar, so dass juristisch verwertbare Verst\u00f6\u00dfe nachweisbar sind.<\/p><p>\u00a0<\/p><p style=\"text-align: left;\"><span style=\"text-align: left; color: var( --e-global-color-text ); font-family: var( --e-global-typography-text-font-family ); font-size: var( --e-global-typography-text-font-size ); font-style: var( --e-global-typography-text-font-style ); font-weight: var( --e-global-typography-text-font-weight ); letter-spacing: var( --e-global-typography-text-letter-spacing ); text-transform: var( --e-global-typography-text-text-transform );\">Meist bin ich dabei mit meinem Wohnwagen unterwegs. So bin ich relativ unabh\u00e4ngig was Dauer und Route betrifft und bin der Natur sehr nahe.<\/span><\/p>\t\t\t\t\t\t\t\t<\/div>\n\t\t\t\t<div class=\"elementor-element elementor-element-b6747d4 elementor-widget elementor-widget-image\" data-id=\"b6747d4\" data-element_type=\"widget\" data-e-type=\"widget\" data-widget_type=\"image.default\">\n\t\t\t\t\t\t\t\t\t\t\t\t<figure class=\"wp-caption\">\n\t\t\t\t\t\t\t\t\t\t\t<a href=\"http:\/\/hpp-web.de\/wp-content\/uploads\/2020\/09\/Gespann_copmy.jpg\" data-elementor-open-lightbox=\"yes\" data-elementor-lightbox-title=\"Gespann_copmy\" data-e-action-hash=\"#elementor-action%3Aaction%3Dlightbox%26settings%3DeyJpZCI6MzM0MywidXJsIjoiaHR0cHM6XC9cL2hwcC13ZWIuZGVcL3dwLWNvbnRlbnRcL3VwbG9hZHNcLzIwMjBcLzA5XC9HZXNwYW5uX2NvcG15LmpwZyJ9\">\n\t\t\t\t\t\t\t<img fetchpriority=\"high\" decoding=\"async\" width=\"756\" height=\"378\" src=\"https:\/\/hpp-web.de\/wp-content\/uploads\/2020\/09\/Gespann_copmy-1024x512.jpg\" class=\"attachment-large size-large wp-image-3343\" alt=\"\" srcset=\"https:\/\/hpp-web.de\/wp-content\/uploads\/2020\/09\/Gespann_copmy-1024x512.jpg 1024w, https:\/\/hpp-web.de\/wp-content\/uploads\/2020\/09\/Gespann_copmy-300x150.jpg 300w, https:\/\/hpp-web.de\/wp-content\/uploads\/2020\/09\/Gespann_copmy-768x384.jpg 768w, https:\/\/hpp-web.de\/wp-content\/uploads\/2020\/09\/Gespann_copmy-1536x768.jpg 1536w, https:\/\/hpp-web.de\/wp-content\/uploads\/2020\/09\/Gespann_copmy-1148x574.jpg 1148w, https:\/\/hpp-web.de\/wp-content\/uploads\/2020\/09\/Gespann_copmy.jpg 1600w\" sizes=\"(max-width: 756px) 100vw, 756px\" \/>\t\t\t\t\t\t\t\t<\/a>\n\t\t\t\t\t\t\t\t\t\t\t<figcaption class=\"widget-image-caption wp-caption-text\">Hier auf dem Campingplatz in Markgrafenheide in Rostock<\/figcaption>\n\t\t\t\t\t\t\t\t\t\t<\/figure>\n\t\t\t\t\t\t\t\t\t<\/div>\n\t\t\t\t\t<\/div>\n\t\t<\/div>\n\t\t\t\t\t<\/div>\n\t\t<\/section>\n\t\t\t\t<section class=\"elementor-section elementor-top-section elementor-element elementor-element-14a8991 elementor-section-boxed elementor-section-height-default elementor-section-height-default\" data-id=\"14a8991\" data-element_type=\"section\" data-e-type=\"section\">\n\t\t\t\t\t\t<div class=\"elementor-container elementor-column-gap-default\">\n\t\t\t\t\t<div class=\"elementor-column elementor-col-100 elementor-top-column elementor-element elementor-element-7651d24\" data-id=\"7651d24\" data-element_type=\"column\" data-e-type=\"column\">\n\t\t\t<div class=\"elementor-widget-wrap elementor-element-populated\">\n\t\t\t\t\t\t<div class=\"elementor-element elementor-element-993a45f elementor-widget elementor-widget-heading\" data-id=\"993a45f\" data-element_type=\"widget\" data-e-type=\"widget\" data-widget_type=\"heading.default\">\n\t\t\t\t\t<h2 class=\"elementor-heading-title elementor-size-default\">September 2020 in Rostock<\/h2>\t\t\t\t<\/div>\n\t\t\t\t<div class=\"elementor-element elementor-element-f559063 elementor-widget elementor-widget-text-editor\" data-id=\"f559063\" data-element_type=\"widget\" data-e-type=\"widget\" data-widget_type=\"text-editor.default\">\n\t\t\t\t\t\t\t\t\t<p>Ich durfte wundersch\u00f6nes Sommerwetter vom 17. bis 24. September genie\u00dfen. Leider litt darunter und dem Fehlen meines in der Reparatur befindlichen Fahrrades mein vorgenommenes Programm Ich lag lieber in der warmen Sonne am Strand. Warnem\u00fcnde bei Nacht und der IGA-Park in Rostock waren zwei Programmpunkte. Mir hat es so gut gefallen, dass ich garantiert im Fr\u00fchjahr noch einmal in die Gegend fahre. Dieses Mal konnte ich genie\u00dfen.<\/p>\t\t\t\t\t\t\t\t<\/div>\n\t\t\t\t<div class=\"elementor-element elementor-element-e47eff1 elementor-widget elementor-widget-image\" data-id=\"e47eff1\" data-element_type=\"widget\" data-e-type=\"widget\" data-widget_type=\"image.default\">\n\t\t\t\t\t\t\t\t\t\t\t\t<figure class=\"wp-caption\">\n\t\t\t\t\t\t\t\t\t\t\t<a href=\"http:\/\/hpp-web.de\/?page_id=3767\">\n\t\t\t\t\t\t\t<img decoding=\"async\" width=\"756\" height=\"402\" src=\"https:\/\/hpp-web.de\/wp-content\/uploads\/2020\/09\/AmStrom_1cop.jpg\" class=\"attachment-large size-large wp-image-3331\" alt=\"\" srcset=\"https:\/\/hpp-web.de\/wp-content\/uploads\/2020\/09\/AmStrom_1cop.jpg 1024w, https:\/\/hpp-web.de\/wp-content\/uploads\/2020\/09\/AmStrom_1cop-300x160.jpg 300w, https:\/\/hpp-web.de\/wp-content\/uploads\/2020\/09\/AmStrom_1cop-768x409.jpg 768w\" sizes=\"(max-width: 756px) 100vw, 756px\" \/>\t\t\t\t\t\t\t\t<\/a>\n\t\t\t\t\t\t\t\t\t\t\t<figcaption class=\"widget-image-caption wp-caption-text\">Warnem\u00fcnde am Strom - Klick f\u00fcr weitere Fotos<\/figcaption>\n\t\t\t\t\t\t\t\t\t\t<\/figure>\n\t\t\t\t\t\t\t\t\t<\/div>\n\t\t\t\t\t<\/div>\n\t\t<\/div>\n\t\t\t\t\t<\/div>\n\t\t<\/section>\n\t\t\t\t<section class=\"elementor-section elementor-top-section elementor-element elementor-element-85a37d3 elementor-section-boxed elementor-section-height-default elementor-section-height-default\" data-id=\"85a37d3\" data-element_type=\"section\" data-e-type=\"section\">\n\t\t\t\t\t\t<div class=\"elementor-container elementor-column-gap-default\">\n\t\t\t\t\t<div class=\"elementor-column elementor-col-100 elementor-top-column elementor-element elementor-element-3c47f3d\" data-id=\"3c47f3d\" data-element_type=\"column\" data-e-type=\"column\">\n\t\t\t<div class=\"elementor-widget-wrap elementor-element-populated\">\n\t\t\t\t\t\t<div class=\"elementor-element elementor-element-7e3b4d8 elementor-widget elementor-widget-heading\" data-id=\"7e3b4d8\" data-element_type=\"widget\" data-e-type=\"widget\" data-widget_type=\"heading.default\">\n\t\t\t\t\t<h2 class=\"elementor-heading-title elementor-size-default\">Oktober 2020 Geltinger Birk<\/h2>\t\t\t\t<\/div>\n\t\t\t\t<div class=\"elementor-element elementor-element-9ac2b9b elementor-widget elementor-widget-text-editor\" data-id=\"9ac2b9b\" data-element_type=\"widget\" data-e-type=\"widget\" data-widget_type=\"text-editor.default\">\n\t\t\t\t\t\t\t\t\t<p>Tagesausflug<\/p><p>\u00a0<\/p>\t\t\t\t\t\t\t\t<\/div>\n\t\t\t\t<div class=\"elementor-element elementor-element-70ecf12 elementor-widget elementor-widget-image\" data-id=\"70ecf12\" data-element_type=\"widget\" data-e-type=\"widget\" data-widget_type=\"image.default\">\n\t\t\t\t\t\t\t\t\t\t\t\t<figure class=\"wp-caption\">\n\t\t\t\t\t\t\t\t\t\t\t<a href=\"http:\/\/hpp-web.de\/?page_id=3346\">\n\t\t\t\t\t\t\t<img decoding=\"async\" width=\"756\" height=\"1007\" src=\"https:\/\/hpp-web.de\/wp-content\/uploads\/2020\/10\/Charlotte_1_klcopWeb-769x1024.jpg\" class=\"attachment-large size-large wp-image-3355\" alt=\"\" srcset=\"https:\/\/hpp-web.de\/wp-content\/uploads\/2020\/10\/Charlotte_1_klcopWeb-769x1024.jpg 769w, https:\/\/hpp-web.de\/wp-content\/uploads\/2020\/10\/Charlotte_1_klcopWeb-225x300.jpg 225w, https:\/\/hpp-web.de\/wp-content\/uploads\/2020\/10\/Charlotte_1_klcopWeb-768x1022.jpg 768w, https:\/\/hpp-web.de\/wp-content\/uploads\/2020\/10\/Charlotte_1_klcopWeb-1154x1536.jpg 1154w, https:\/\/hpp-web.de\/wp-content\/uploads\/2020\/10\/Charlotte_1_klcopWeb.jpg 1202w\" sizes=\"(max-width: 756px) 100vw, 756px\" \/>\t\t\t\t\t\t\t\t<\/a>\n\t\t\t\t\t\t\t\t\t\t\t<figcaption class=\"widget-image-caption wp-caption-text\">M\u00fchle Charlotte - f\u00fcr weitere Fotos auf das Bild klicken<\/figcaption>\n\t\t\t\t\t\t\t\t\t\t<\/figure>\n\t\t\t\t\t\t\t\t\t<\/div>\n\t\t\t\t\t<\/div>\n\t\t<\/div>\n\t\t\t\t\t<\/div>\n\t\t<\/section>\n\t\t\t\t<section class=\"elementor-section elementor-top-section elementor-element elementor-element-9dba49b elementor-section-boxed elementor-section-height-default elementor-section-height-default\" data-id=\"9dba49b\" data-element_type=\"section\" data-e-type=\"section\">\n\t\t\t\t\t\t<div class=\"elementor-container elementor-column-gap-default\">\n\t\t\t\t\t<div class=\"elementor-column elementor-col-100 elementor-top-column elementor-element elementor-element-93fb6a8\" data-id=\"93fb6a8\" data-element_type=\"column\" data-e-type=\"column\">\n\t\t\t<div class=\"elementor-widget-wrap\">\n\t\t\t\t\t\t\t<\/div>\n\t\t<\/div>\n\t\t\t\t\t<\/div>\n\t\t<\/section>\n\t\t\t\t<section class=\"elementor-section elementor-top-section elementor-element elementor-element-2a979e3 elementor-section-boxed elementor-section-height-default elementor-section-height-default\" data-id=\"2a979e3\" data-element_type=\"section\" data-e-type=\"section\">\n\t\t\t\t\t\t<div class=\"elementor-container elementor-column-gap-default\">\n\t\t\t\t\t<div class=\"elementor-column elementor-col-100 elementor-top-column elementor-element elementor-element-0928bb8\" data-id=\"0928bb8\" data-element_type=\"column\" data-e-type=\"column\">\n\t\t\t<div class=\"elementor-widget-wrap elementor-element-populated\">\n\t\t\t\t\t\t<div class=\"elementor-element elementor-element-fd30de0 elementor-widget elementor-widget-heading\" data-id=\"fd30de0\" data-element_type=\"widget\" data-e-type=\"widget\" data-widget_type=\"heading.default\">\n\t\t\t\t\t<h2 class=\"elementor-heading-title elementor-size-default\">Mai\/Juni 2022 Rovinj\/Valalta<\/h2>\t\t\t\t<\/div>\n\t\t\t\t\t<\/div>\n\t\t<\/div>\n\t\t\t\t\t<\/div>\n\t\t<\/section>\n\t\t\t\t<section class=\"elementor-section elementor-top-section elementor-element elementor-element-ab110db elementor-section-boxed elementor-section-height-default elementor-section-height-default\" data-id=\"ab110db\" data-element_type=\"section\" data-e-type=\"section\">\n\t\t\t\t\t\t<div class=\"elementor-container elementor-column-gap-default\">\n\t\t\t\t\t<div class=\"elementor-column elementor-col-100 elementor-top-column elementor-element elementor-element-e311c35\" data-id=\"e311c35\" data-element_type=\"column\" data-e-type=\"column\">\n\t\t\t<div class=\"elementor-widget-wrap elementor-element-populated\">\n\t\t\t\t\t\t<div class=\"elementor-element elementor-element-59cc05b elementor-widget elementor-widget-image\" data-id=\"59cc05b\" data-element_type=\"widget\" data-e-type=\"widget\" data-widget_type=\"image.default\">\n\t\t\t\t\t\t\t\t\t\t\t\t<figure class=\"wp-caption\">\n\t\t\t\t\t\t\t\t\t\t\t<a href=\"http:\/\/hpp-web.de\/?page_id=3720\" target=\"_blank\">\n\t\t\t\t\t\t\t<img loading=\"lazy\" decoding=\"async\" width=\"756\" height=\"504\" src=\"https:\/\/hpp-web.de\/wp-content\/uploads\/2022\/07\/Waescheleine_1web-1024x683.jpg\" class=\"attachment-large size-large wp-image-3715\" alt=\"\" srcset=\"https:\/\/hpp-web.de\/wp-content\/uploads\/2022\/07\/Waescheleine_1web-1024x683.jpg 1024w, https:\/\/hpp-web.de\/wp-content\/uploads\/2022\/07\/Waescheleine_1web-300x200.jpg 300w, https:\/\/hpp-web.de\/wp-content\/uploads\/2022\/07\/Waescheleine_1web-768x512.jpg 768w, https:\/\/hpp-web.de\/wp-content\/uploads\/2022\/07\/Waescheleine_1web-1536x1024.jpg 1536w, https:\/\/hpp-web.de\/wp-content\/uploads\/2022\/07\/Waescheleine_1web-2048x1366.jpg 2048w\" sizes=\"(max-width: 756px) 100vw, 756px\" \/>\t\t\t\t\t\t\t\t<\/a>\n\t\t\t\t\t\t\t\t\t\t\t<figcaption class=\"widget-image-caption wp-caption-text\">Klick auf Foto \u00f6ffnet weitere Seite<\/figcaption>\n\t\t\t\t\t\t\t\t\t\t<\/figure>\n\t\t\t\t\t\t\t\t\t<\/div>\n\t\t\t\t\t<\/div>\n\t\t<\/div>\n\t\t\t\t\t<\/div>\n\t\t<\/section>\n\t\t\t\t<section class=\"elementor-section elementor-top-section elementor-element elementor-element-f979cb1 elementor-section-boxed elementor-section-height-default elementor-section-height-default\" data-id=\"f979cb1\" data-element_type=\"section\" data-e-type=\"section\">\n\t\t\t\t\t\t<div class=\"elementor-container elementor-column-gap-default\">\n\t\t\t\t\t<div class=\"elementor-column elementor-col-100 elementor-top-column elementor-element elementor-element-5bfb459\" data-id=\"5bfb459\" data-element_type=\"column\" data-e-type=\"column\">\n\t\t\t<div class=\"elementor-widget-wrap elementor-element-populated\">\n\t\t\t\t\t\t<div class=\"elementor-element elementor-element-b3be081 elementor-widget elementor-widget-heading\" data-id=\"b3be081\" data-element_type=\"widget\" data-e-type=\"widget\" data-widget_type=\"heading.default\">\n\t\t\t\t\t<h2 class=\"elementor-heading-title elementor-size-default\">Januar 2026 Makadi Bay - \u00c4gypten <\/h2>\t\t\t\t<\/div>\n\t\t\t\t\t<\/div>\n\t\t<\/div>\n\t\t\t\t\t<\/div>\n\t\t<\/section>\n\t\t\t\t<section class=\"elementor-section elementor-top-section elementor-element elementor-element-68c5d6f elementor-section-boxed elementor-section-height-default elementor-section-height-default\" data-id=\"68c5d6f\" data-element_type=\"section\" data-e-type=\"section\">\n\t\t\t\t\t\t<div class=\"elementor-container elementor-column-gap-default\">\n\t\t\t\t\t<div class=\"elementor-column elementor-col-100 elementor-top-column elementor-element elementor-element-49b0bf5\" data-id=\"49b0bf5\" data-element_type=\"column\" data-e-type=\"column\">\n\t\t\t<div class=\"elementor-widget-wrap elementor-element-populated\">\n\t\t\t\t\t\t<div class=\"elementor-element elementor-element-ed92e74 elementor-widget elementor-widget-image\" data-id=\"ed92e74\" data-element_type=\"widget\" data-e-type=\"widget\" data-widget_type=\"image.default\">\n\t\t\t\t\t\t\t\t\t\t\t\t<figure class=\"wp-caption\">\n\t\t\t\t\t\t\t\t\t\t\t<a href=\"http:\/\/hpp-web.de\/?page_id=3970\">\n\t\t\t\t\t\t\t<img loading=\"lazy\" decoding=\"async\" width=\"567\" height=\"733\" src=\"https:\/\/hpp-web.de\/wp-content\/uploads\/2026\/04\/Titela.jpg\" class=\"attachment-1536x1536 size-1536x1536 wp-image-4253\" alt=\"\" srcset=\"https:\/\/hpp-web.de\/wp-content\/uploads\/2026\/04\/Titela.jpg 567w, https:\/\/hpp-web.de\/wp-content\/uploads\/2026\/04\/Titela-232x300.jpg 232w\" sizes=\"(max-width: 567px) 100vw, 567px\" \/>\t\t\t\t\t\t\t\t<\/a>\n\t\t\t\t\t\t\t\t\t\t\t<figcaption class=\"widget-image-caption wp-caption-text\">Klick auf das Bild<\/figcaption>\n\t\t\t\t\t\t\t\t\t\t<\/figure>\n\t\t\t\t\t\t\t\t\t<\/div>\n\t\t\t\t\t<\/div>\n\t\t<\/div>\n\t\t\t\t\t<\/div>\n\t\t<\/section>\n\t\t\t\t<\/div>\n\t\t","protected":false},"excerpt":{"rendered":"<p>Fotos und Berichte von meinen Reisen und Ausfl\u00fcgen Alle hier ver\u00f6ffentlichten Fotos unterliegen dem dt. Urheberrechtsgesetz und d\u00fcrfen ohne Einwilligung von keiner Person oder Organisation anderweitig verwendet werden. Zuwiderhandlungen f\u00fchren zur Anzeige und einer Schadensersatzforderung Dies gilt auch f\u00fcr Fotos, die von mir seit 2000 &hellip; <a href=\"https:\/\/hpp-web.de\/?page_id=3326\" class=\"more-link\"><span>Continue reading<span class=\"screen-reader-text\">Reisen<\/span><\/span><\/a><\/p>\n","protected":false},"author":1,"featured_media":0,"parent":0,"menu_order":0,"comment_status":"closed","ping_status":"closed","template":"","meta":{"advanced_seo_description":"","jetpack_seo_html_title":"","jetpack_seo_noindex":false,"footnotes":""},"class_list":["post-3326","page","type-page","status-publish","hentry"],"jetpack_sharing_enabled":true,"_links":{"self":[{"href":"https:\/\/hpp-web.de\/index.php?rest_route=\/wp\/v2\/pages\/3326","targetHints":{"allow":["GET"]}}],"collection":[{"href":"https:\/\/hpp-web.de\/index.php?rest_route=\/wp\/v2\/pages"}],"about":[{"href":"https:\/\/hpp-web.de\/index.php?rest_route=\/wp\/v2\/types\/page"}],"author":[{"embeddable":true,"href":"https:\/\/hpp-web.de\/index.php?rest_route=\/wp\/v2\/users\/1"}],"replies":[{"embeddable":true,"href":"https:\/\/hpp-web.de\/index.php?rest_route=%2Fwp%2Fv2%2Fcomments&post=3326"}],"version-history":[{"count":77,"href":"https:\/\/hpp-web.de\/index.php?rest_route=\/wp\/v2\/pages\/3326\/revisions"}],"predecessor-version":[{"id":4256,"href":"https:\/\/hpp-web.de\/index.php?rest_route=\/wp\/v2\/pages\/3326\/revisions\/4256"}],"wp:attachment":[{"href":"https:\/\/hpp-web.de\/index.php?rest_route=%2Fwp%2Fv2%2Fmedia&parent=3326"}],"curies":[{"name":"wp","href":"https:\/\/api.w.org\/{rel}","templated":true}]}}