{"id":214,"date":"2018-07-12T08:15:57","date_gmt":"2018-07-12T08:15:57","guid":{"rendered":"https:\/\/www.inkthemes.com\/demos\/spa\/?page_id=214"},"modified":"2026-02-26T15:06:39","modified_gmt":"2026-02-26T13:06:39","slug":"about-us","status":"publish","type":"page","link":"https:\/\/hpp-web.de\/?page_id=214","title":{"rendered":"\u00dcber mich"},"content":{"rendered":"\t\t<div data-elementor-type=\"wp-page\" data-elementor-id=\"214\" class=\"elementor elementor-214\" data-elementor-post-type=\"page\">\n\t\t\t\t\t\t<section class=\"elementor-section elementor-top-section elementor-element elementor-element-38bd8971 elementor-section-boxed elementor-section-height-default elementor-section-height-default\" data-id=\"38bd8971\" data-element_type=\"section\" data-e-type=\"section\">\n\t\t\t\t\t\t<div class=\"elementor-container elementor-column-gap-default\">\n\t\t\t\t\t<div class=\"elementor-column elementor-col-100 elementor-top-column elementor-element elementor-element-1fec9884\" data-id=\"1fec9884\" data-element_type=\"column\" data-e-type=\"column\">\n\t\t\t<div class=\"elementor-widget-wrap elementor-element-populated\">\n\t\t\t\t\t\t<div class=\"elementor-element elementor-element-2871b4e3 elementor-widget elementor-widget-text-editor\" data-id=\"2871b4e3\" data-element_type=\"widget\" data-e-type=\"widget\" data-widget_type=\"text-editor.default\">\n\t\t\t\t\t\t\t\t\t<p><span style=\"font-size: 1.0625rem;\">\u00a0<\/span><\/p><p><img fetchpriority=\"high\" decoding=\"async\" class=\"wp-image-4074 size-medium alignleft\" style=\"font-size: 1.0625rem;\" src=\"http:\/\/hpp-web.de\/wp-content\/uploads\/2026\/02\/E8F4973B-F27E-46D2-B381-4406A81A9ECE-225x300.jpeg\" alt=\"\" width=\"225\" height=\"300\" \/><\/p><p><span style=\"font-size: 1.0625rem;\">Unter dem Sternz<\/span><span style=\"font-size: 1.0625rem;\">e<\/span><span style=\"font-size: 1.0625rem;\">ichen Widder 1955 in Erkelenz-Hoven geboren, verlebte ich meine Kindheit bis zu meinem 5. L<\/span><span style=\"font-size: 1.0625rem;\">ebensjahr auf einem Bauernhof. Dort und bei meinen Gro\u00dfeltern erfuhr ich meinen ersten Kontakt mit Tieren und der Natur.\u00a0<\/span><\/p><p>1960 bezog unsere Familie ihr neu gebautes Haus in Schwanenberg, wo ich bis 1965 die Grundschule besuchte. Im gleichen Jahr wechselte ich auf das Jungengymnasium der Stadt Erkelenz, das ich 1974 mit dem Abitur verlie\u00df.\u00a0<span style=\"font-size: 1.0625rem;\">Nach der anschlie\u00dfenden zweij\u00e4hrigen Bundeswehrzeit begann ich an der RWTH Aachen das Studium f\u00fcr das Lehramt der Sekundarstufe I mit den F\u00e4chern Mathematik und Sport.\u00a0<\/span><span style=\"font-size: 1.0625rem;\">1985 heiratete ich und siedelte nach Burscheid um, wo ich an einem Internat als Erzieher arbeitete. Aus der Ehe gingen drei T\u00f6chter hervor.\u00a0<\/span><span style=\"font-size: 1.0625rem;\">1989 erfolgte beruflich bedingt der Umzug nach Ellerau in Schleswig-Holstein.\u00a0<\/span><span style=\"font-size: 1.0625rem;\">Seit dem Jahr 1999 konnte ich meinen erlernten Beruf aus\u00fcben.<\/span><\/p><p>2003 verlegte ich meinen Wohnort nach Henstedt-Ulzburg. Aufgrund eines Kreislaufkollaps hatte ich am 13.5.16 einen schweren Verkehrsunfall mit Totalschaden, aus dem ich nahezu unverletzt herauskam. Dieser Unfall ver\u00e4nderte meine Lebensweise grunds\u00e4tzlich. Stress sollte fortan nicht mehr mein Leben bestimmen. Im Dezember 2017 siedelte ich nach Quickborn um und genie\u00dfe seit 2019 meinen Ruhestand und meine Freiheit. Im Juni 2021 legte ich mir ein Wohnmobil zu und bereise damit die &#8222;Welt&#8220;. 2022 lernte ich dann einen tollen Menschen kennen und seitdem teilen wir gemeinsam unsere Zeit und Hobby. Deshalb findet man mich jetzt in Niedersachsen in einer sehr reizvollen landschaftlichen Umgebung, wo es Vieles f\u00fcr mich zu entdecken gibt.<\/p><p><span style=\"font-size: 1.0625rem;\">Meine erste eigene analoge Kompaktkamera im 24 x 36 mm Format konnte ich 1969 in H\u00e4nden halten. Seit 1980 fotografierte ich mit der Canon A1 die ersten Sport- und Tieraufnahmen mit einer Spiegelreflexkamera. 2004 erfolgte dann der Einstieg in die digitale Fotografie mit einer Minolta Dimage Z1, die 2007 von einer Canon EOS 400d abgel\u00f6st wurde. Von 2012 bis 2019 begleitete mich die Canon 7d. Zur Zeit fotografiere ich mit einer Canon 5D Mark IV und entdecke immer neue Fototechniken. Zur Ausr\u00fcstung geh\u00f6ren Objektive von 18 bis 1000 mm, diverse Filter und Beleuchtungseinheiten.<\/span><\/p>\t\t\t\t\t\t\t\t<\/div>\n\t\t\t\t\t<\/div>\n\t\t<\/div>\n\t\t\t\t\t<\/div>\n\t\t<\/section>\n\t\t\t\t<section class=\"elementor-section elementor-top-section elementor-element elementor-element-55941c7 elementor-section-boxed elementor-section-height-default elementor-section-height-default\" data-id=\"55941c7\" data-element_type=\"section\" data-e-type=\"section\">\n\t\t\t\t\t\t<div class=\"elementor-container elementor-column-gap-default\">\n\t\t\t\t\t<div class=\"elementor-column elementor-col-100 elementor-top-column elementor-element elementor-element-90de9c2\" data-id=\"90de9c2\" data-element_type=\"column\" data-e-type=\"column\">\n\t\t\t<div class=\"elementor-widget-wrap\">\n\t\t\t\t\t\t\t<\/div>\n\t\t<\/div>\n\t\t\t\t\t<\/div>\n\t\t<\/section>\n\t\t\t\t<\/div>\n\t\t","protected":false},"excerpt":{"rendered":"<p>\u00a0 Unter dem Sternzeichen Widder 1955 in Erkelenz-Hoven geboren, verlebte ich meine Kindheit bis zu meinem 5. Lebensjahr auf einem Bauernhof. Dort und bei meinen Gro\u00dfeltern erfuhr ich meinen ersten Kontakt mit Tieren und der Natur.\u00a0 1960 bezog unsere Familie ihr neu gebautes Haus in &hellip; <a href=\"https:\/\/hpp-web.de\/?page_id=214\" class=\"more-link\"><span>Continue reading<span class=\"screen-reader-text\">\u00dcber mich<\/span><\/span><\/a><\/p>\n","protected":false},"author":1,"featured_media":0,"parent":0,"menu_order":0,"comment_status":"closed","ping_status":"closed","template":"","meta":{"advanced_seo_description":"","jetpack_seo_html_title":"","jetpack_seo_noindex":false,"footnotes":""},"class_list":["post-214","page","type-page","status-publish","hentry"],"jetpack_sharing_enabled":true,"_links":{"self":[{"href":"https:\/\/hpp-web.de\/index.php?rest_route=\/wp\/v2\/pages\/214","targetHints":{"allow":["GET"]}}],"collection":[{"href":"https:\/\/hpp-web.de\/index.php?rest_route=\/wp\/v2\/pages"}],"about":[{"href":"https:\/\/hpp-web.de\/index.php?rest_route=\/wp\/v2\/types\/page"}],"author":[{"embeddable":true,"href":"https:\/\/hpp-web.de\/index.php?rest_route=\/wp\/v2\/users\/1"}],"replies":[{"embeddable":true,"href":"https:\/\/hpp-web.de\/index.php?rest_route=%2Fwp%2Fv2%2Fcomments&post=214"}],"version-history":[{"count":50,"href":"https:\/\/hpp-web.de\/index.php?rest_route=\/wp\/v2\/pages\/214\/revisions"}],"predecessor-version":[{"id":4077,"href":"https:\/\/hpp-web.de\/index.php?rest_route=\/wp\/v2\/pages\/214\/revisions\/4077"}],"wp:attachment":[{"href":"https:\/\/hpp-web.de\/index.php?rest_route=%2Fwp%2Fv2%2Fmedia&parent=214"}],"curies":[{"name":"wp","href":"https:\/\/api.w.org\/{rel}","templated":true}]}}