{"id":2018,"date":"2019-01-15T07:50:29","date_gmt":"2019-01-15T07:50:29","guid":{"rendered":"https:\/\/www.inkthemesdemo.com\/demo1\/coffee-shop\/?page_id=2"},"modified":"2020-05-02T00:12:54","modified_gmt":"2020-05-01T22:12:54","slug":"sample-page-2","status":"publish","type":"page","link":"https:\/\/hpp-web.de\/?page_id=2018","title":{"rendered":"Links"},"content":{"rendered":"\t\t<div data-elementor-type=\"wp-page\" data-elementor-id=\"2018\" class=\"elementor elementor-2018\" data-elementor-post-type=\"page\">\n\t\t\t\t\t\t<section class=\"elementor-section elementor-top-section elementor-element elementor-element-229fc3e elementor-section-boxed elementor-section-height-default elementor-section-height-default\" data-id=\"229fc3e\" data-element_type=\"section\" data-e-type=\"section\">\n\t\t\t\t\t\t<div class=\"elementor-container elementor-column-gap-default\">\n\t\t\t\t\t<div class=\"elementor-column elementor-col-100 elementor-top-column elementor-element elementor-element-62d6fc9\" data-id=\"62d6fc9\" data-element_type=\"column\" data-e-type=\"column\">\n\t\t\t<div class=\"elementor-widget-wrap elementor-element-populated\">\n\t\t\t\t\t\t<div class=\"elementor-element elementor-element-414fc35e elementor-widget elementor-widget-text-editor\" data-id=\"414fc35e\" data-element_type=\"widget\" data-e-type=\"widget\" data-widget_type=\"text-editor.default\">\n\t\t\t\t\t\t\t\t\t<p>Links zu Webseiten, die ich gerne besuche und weiterempfehlen kann oder auch nicht:<\/p>\t\t\t\t\t\t\t\t<\/div>\n\t\t\t\t\t<\/div>\n\t\t<\/div>\n\t\t\t\t\t<\/div>\n\t\t<\/section>\n\t\t\t\t<section class=\"elementor-section elementor-top-section elementor-element elementor-element-39bdb3b1 elementor-section-content-middle elementor-section-boxed elementor-section-height-default elementor-section-height-default\" data-id=\"39bdb3b1\" data-element_type=\"section\" data-e-type=\"section\">\n\t\t\t\t\t\t<div class=\"elementor-container elementor-column-gap-no\">\n\t\t\t\t\t<div class=\"elementor-column elementor-col-100 elementor-top-column elementor-element elementor-element-3483efc4\" data-id=\"3483efc4\" data-element_type=\"column\" data-e-type=\"column\">\n\t\t\t<div class=\"elementor-widget-wrap elementor-element-populated\">\n\t\t\t\t\t\t<div class=\"elementor-element elementor-element-48a3345 elementor-widget elementor-widget-heading\" data-id=\"48a3345\" data-element_type=\"widget\" data-e-type=\"widget\" data-widget_type=\"heading.default\">\n\t\t\t\t\t<h5 class=\"elementor-heading-title elementor-size-default\">F\u00fcr die Inhalte und Links der verlinkten Websiten \u00fcbernehme ich keine Haftung.\nVon gesetzeswidrigen Inhalten distanziere ich mich ausdr\u00fccklich!<\/h5>\t\t\t\t<\/div>\n\t\t\t\t<section class=\"elementor-section elementor-inner-section elementor-element elementor-element-608cdbf8 elementor-section-content-middle elementor-section-boxed elementor-section-height-default elementor-section-height-default\" data-id=\"608cdbf8\" data-element_type=\"section\" data-e-type=\"section\">\n\t\t\t\t\t\t<div class=\"elementor-container elementor-column-gap-no\">\n\t\t\t\t\t<div class=\"elementor-column elementor-col-50 elementor-inner-column elementor-element elementor-element-1a2607d1\" data-id=\"1a2607d1\" data-element_type=\"column\" data-e-type=\"column\">\n\t\t\t<div class=\"elementor-widget-wrap elementor-element-populated\">\n\t\t\t\t\t\t<div class=\"elementor-element elementor-element-316f5f64 elementor-position-top elementor-widget elementor-widget-image-box\" data-id=\"316f5f64\" data-element_type=\"widget\" data-e-type=\"widget\" data-widget_type=\"image-box.default\">\n\t\t\t\t\t<div class=\"elementor-image-box-wrapper\"><figure class=\"elementor-image-box-img\"><a href=\"http:\/\/hpp-web.de\/?page_id=2602\" tabindex=\"-1\"><img fetchpriority=\"high\" decoding=\"async\" width=\"640\" height=\"427\" src=\"https:\/\/hpp-web.de\/wp-content\/uploads\/2018\/09\/IMG_8039.jpg\" class=\"attachment-fotografie-featured-fluid size-fotografie-featured-fluid wp-image-12\" alt=\"\" srcset=\"https:\/\/hpp-web.de\/wp-content\/uploads\/2018\/09\/IMG_8039.jpg 5184w, https:\/\/hpp-web.de\/wp-content\/uploads\/2018\/09\/IMG_8039-300x200.jpg 300w, https:\/\/hpp-web.de\/wp-content\/uploads\/2018\/09\/IMG_8039-768x512.jpg 768w, https:\/\/hpp-web.de\/wp-content\/uploads\/2018\/09\/IMG_8039-1024x683.jpg 1024w\" sizes=\"(max-width: 640px) 100vw, 640px\" \/><\/a><\/figure><div class=\"elementor-image-box-content\"><h3 class=\"elementor-image-box-title\"><a href=\"http:\/\/hpp-web.de\/?page_id=2602\">Gern besuchte Seiten<\/a><\/h3><\/div><\/div>\t\t\t\t<\/div>\n\t\t\t\t\t<\/div>\n\t\t<\/div>\n\t\t\t\t<div class=\"elementor-column elementor-col-50 elementor-inner-column elementor-element elementor-element-1033bc4a elementor-invisible\" data-id=\"1033bc4a\" data-element_type=\"column\" data-e-type=\"column\" data-settings=\"{&quot;animation&quot;:&quot;fadeIn&quot;}\">\n\t\t\t<div class=\"elementor-widget-wrap\">\n\t\t\t\t\t\t\t<\/div>\n\t\t<\/div>\n\t\t\t\t\t<\/div>\n\t\t<\/section>\n\t\t\t\t\t<\/div>\n\t\t<\/div>\n\t\t\t\t\t<\/div>\n\t\t<\/section>\n\t\t\t\t<section class=\"elementor-section elementor-top-section elementor-element elementor-element-1aa3ee6 elementor-section-boxed elementor-section-height-default elementor-section-height-default\" data-id=\"1aa3ee6\" data-element_type=\"section\" data-e-type=\"section\">\n\t\t\t\t\t\t<div class=\"elementor-container elementor-column-gap-default\">\n\t\t\t\t\t<div class=\"elementor-column elementor-col-100 elementor-top-column elementor-element elementor-element-7c00e56\" data-id=\"7c00e56\" data-element_type=\"column\" data-e-type=\"column\">\n\t\t\t<div class=\"elementor-widget-wrap elementor-element-populated\">\n\t\t\t\t\t\t<div class=\"elementor-element elementor-element-200d488 elementor-widget elementor-widget-image\" data-id=\"200d488\" data-element_type=\"widget\" data-e-type=\"widget\" data-widget_type=\"image.default\">\n\t\t\t\t\t\t\t\t\t\t\t\t<figure class=\"wp-caption\">\n\t\t\t\t\t\t\t\t\t\t<img decoding=\"async\" width=\"756\" height=\"662\" src=\"https:\/\/hpp-web.de\/wp-content\/uploads\/2019\/07\/Baustelle.svg_-1024x897.png\" class=\"attachment-large size-large wp-image-2576\" alt=\"\" srcset=\"https:\/\/hpp-web.de\/wp-content\/uploads\/2019\/07\/Baustelle.svg_-1024x897.png 1024w, https:\/\/hpp-web.de\/wp-content\/uploads\/2019\/07\/Baustelle.svg_-300x263.png 300w, https:\/\/hpp-web.de\/wp-content\/uploads\/2019\/07\/Baustelle.svg_-768x672.png 768w, https:\/\/hpp-web.de\/wp-content\/uploads\/2019\/07\/Baustelle.svg_.png 2000w\" sizes=\"(max-width: 756px) 100vw, 756px\" \/>\t\t\t\t\t\t\t\t\t\t\t<figcaption class=\"widget-image-caption wp-caption-text\"><\/figcaption>\n\t\t\t\t\t\t\t\t\t\t<\/figure>\n\t\t\t\t\t\t\t\t\t<\/div>\n\t\t\t\t\t<\/div>\n\t\t<\/div>\n\t\t\t\t\t<\/div>\n\t\t<\/section>\n\t\t\t\t<\/div>\n\t\t","protected":false},"excerpt":{"rendered":"<p>Links zu Webseiten, die ich gerne besuche und weiterempfehlen kann oder auch nicht: F\u00fcr die Inhalte und Links der verlinkten Websiten \u00fcbernehme ich keine Haftung. Von gesetzeswidrigen Inhalten distanziere ich mich ausdr\u00fccklich! Gern besuchte Seiten<\/p>\n","protected":false},"author":1,"featured_media":0,"parent":0,"menu_order":0,"comment_status":"closed","ping_status":"open","template":"","meta":{"advanced_seo_description":"","jetpack_seo_html_title":"","jetpack_seo_noindex":false,"footnotes":""},"class_list":["post-2018","page","type-page","status-publish","hentry"],"jetpack_sharing_enabled":true,"_links":{"self":[{"href":"https:\/\/hpp-web.de\/index.php?rest_route=\/wp\/v2\/pages\/2018","targetHints":{"allow":["GET"]}}],"collection":[{"href":"https:\/\/hpp-web.de\/index.php?rest_route=\/wp\/v2\/pages"}],"about":[{"href":"https:\/\/hpp-web.de\/index.php?rest_route=\/wp\/v2\/types\/page"}],"author":[{"embeddable":true,"href":"https:\/\/hpp-web.de\/index.php?rest_route=\/wp\/v2\/users\/1"}],"replies":[{"embeddable":true,"href":"https:\/\/hpp-web.de\/index.php?rest_route=%2Fwp%2Fv2%2Fcomments&post=2018"}],"version-history":[{"count":11,"href":"https:\/\/hpp-web.de\/index.php?rest_route=\/wp\/v2\/pages\/2018\/revisions"}],"predecessor-version":[{"id":3126,"href":"https:\/\/hpp-web.de\/index.php?rest_route=\/wp\/v2\/pages\/2018\/revisions\/3126"}],"wp:attachment":[{"href":"https:\/\/hpp-web.de\/index.php?rest_route=%2Fwp%2Fv2%2Fmedia&parent=2018"}],"curies":[{"name":"wp","href":"https:\/\/api.w.org\/{rel}","templated":true}]}}